{"id":3084,"date":"2023-12-01T18:27:42","date_gmt":"2023-12-01T21:27:42","guid":{"rendered":"https:\/\/brasiliatijolos.geovarela.com.br\/?post_type=product&#038;p=3084"},"modified":"2023-12-01T18:27:42","modified_gmt":"2023-12-01T21:27:42","slug":"tijolo-115x14x24","status":"publish","type":"product","link":"https:\/\/brasiliatijolos.com\/index.php\/produto\/tijolo-115x14x24\/","title":{"rendered":"Tijolo 11,5x14x24"},"content":{"rendered":"<p>Robusto, vers\u00e1til e de qualidade superior. Ideal para constru\u00e7\u00f5es s\u00f3lidas, oferece resist\u00eancia e durabilidade. A escolha certa para seus projeto.<\/p>\n","protected":false},"excerpt":{"rendered":"<p>Robusto, vers\u00e1til e de qualidade superior. Ideal para constru\u00e7\u00f5es s\u00f3lidas, oferece resist\u00eancia e durabilidade. A escolha certa para seus projeto.<\/p>\n","protected":false},"featured_media":3085,"template":"","meta":[],"product_brand":[],"product_cat":[34],"product_tag":[],"class_list":{"0":"post-3084","1":"product","2":"type-product","3":"status-publish","4":"has-post-thumbnail","6":"product_cat-tijolos","8":"first","9":"instock","10":"shipping-taxable","11":"product-type-grouped"},"_links":{"self":[{"href":"https:\/\/brasiliatijolos.com\/index.php\/wp-json\/wp\/v2\/product\/3084","targetHints":{"allow":["GET"]}}],"collection":[{"href":"https:\/\/brasiliatijolos.com\/index.php\/wp-json\/wp\/v2\/product"}],"about":[{"href":"https:\/\/brasiliatijolos.com\/index.php\/wp-json\/wp\/v2\/types\/product"}],"wp:featuredmedia":[{"embeddable":true,"href":"https:\/\/brasiliatijolos.com\/index.php\/wp-json\/wp\/v2\/media\/3085"}],"wp:attachment":[{"href":"https:\/\/brasiliatijolos.com\/index.php\/wp-json\/wp\/v2\/media?parent=3084"}],"wp:term":[{"taxonomy":"product_brand","embeddable":true,"href":"https:\/\/brasiliatijolos.com\/index.php\/wp-json\/wp\/v2\/product_brand?post=3084"},{"taxonomy":"product_cat","embeddable":true,"href":"https:\/\/brasiliatijolos.com\/index.php\/wp-json\/wp\/v2\/product_cat?post=3084"},{"taxonomy":"product_tag","embeddable":true,"href":"https:\/\/brasiliatijolos.com\/index.php\/wp-json\/wp\/v2\/product_tag?post=3084"}],"curies":[{"name":"wp","href":"https:\/\/api.w.org\/{rel}","templated":true}]}}