{"id":3080,"date":"2023-12-01T18:13:17","date_gmt":"2023-12-01T21:13:17","guid":{"rendered":"https:\/\/brasiliatijolos.geovarela.com.br\/?post_type=product&#038;p=3080"},"modified":"2023-12-08T13:27:55","modified_gmt":"2023-12-08T16:27:55","slug":"tijolo-9x19x19","status":"publish","type":"product","link":"https:\/\/brasiliatijolos.com\/index.php\/produto\/tijolo-9x19x19\/","title":{"rendered":"Tijolo Padr\u00e3o &#8211; 9x19x19"},"content":{"rendered":"<p>Robusto, vers\u00e1til e de qualidade superior. Ideal para constru\u00e7\u00f5es s\u00f3lidas, oferece resist\u00eancia e durabilidade. A escolha certa para seus projeto.<\/p>\n","protected":false},"excerpt":{"rendered":"<p>Robusto, vers\u00e1til e de qualidade superior. Ideal para constru\u00e7\u00f5es s\u00f3lidas, oferece resist\u00eancia e durabilidade. A escolha certa para seus projeto.<\/p>\n","protected":false},"featured_media":3358,"template":"","meta":[],"product_brand":[],"product_cat":[34],"product_tag":[],"class_list":{"0":"post-3080","1":"product","2":"type-product","3":"status-publish","4":"has-post-thumbnail","6":"product_cat-tijolos","8":"first","9":"instock","10":"shipping-taxable","11":"product-type-grouped"},"_links":{"self":[{"href":"https:\/\/brasiliatijolos.com\/index.php\/wp-json\/wp\/v2\/product\/3080","targetHints":{"allow":["GET"]}}],"collection":[{"href":"https:\/\/brasiliatijolos.com\/index.php\/wp-json\/wp\/v2\/product"}],"about":[{"href":"https:\/\/brasiliatijolos.com\/index.php\/wp-json\/wp\/v2\/types\/product"}],"wp:featuredmedia":[{"embeddable":true,"href":"https:\/\/brasiliatijolos.com\/index.php\/wp-json\/wp\/v2\/media\/3358"}],"wp:attachment":[{"href":"https:\/\/brasiliatijolos.com\/index.php\/wp-json\/wp\/v2\/media?parent=3080"}],"wp:term":[{"taxonomy":"product_brand","embeddable":true,"href":"https:\/\/brasiliatijolos.com\/index.php\/wp-json\/wp\/v2\/product_brand?post=3080"},{"taxonomy":"product_cat","embeddable":true,"href":"https:\/\/brasiliatijolos.com\/index.php\/wp-json\/wp\/v2\/product_cat?post=3080"},{"taxonomy":"product_tag","embeddable":true,"href":"https:\/\/brasiliatijolos.com\/index.php\/wp-json\/wp\/v2\/product_tag?post=3080"}],"curies":[{"name":"wp","href":"https:\/\/api.w.org\/{rel}","templated":true}]}}