{"id":3735,"date":"2025-01-06T12:58:50","date_gmt":"2025-01-06T15:58:50","guid":{"rendered":"https:\/\/brasiliatijolos.com\/?page_id=3735"},"modified":"2025-01-06T14:39:22","modified_gmt":"2025-01-06T17:39:22","slug":"inicio-correcao","status":"publish","type":"page","link":"https:\/\/brasiliatijolos.com\/","title":{"rendered":"In\u00edcio"},"content":{"rendered":"\t\t<div data-elementor-type=\"wp-page\" data-elementor-id=\"3735\" class=\"elementor elementor-3735\" data-elementor-post-type=\"page\">\n\t\t\t\t<div class=\"elementor-element elementor-element-f8d9747 e-con-full e-flex e-con e-parent\" data-id=\"f8d9747\" data-element_type=\"container\" data-e-type=\"container\">\n\t\t\t\t<div class=\"elementor-element elementor-element-1377bea elementor--h-position-center elementor--v-position-middle elementor-arrows-position-inside elementor-pagination-position-inside elementor-widget elementor-widget-slides\" data-id=\"1377bea\" data-element_type=\"widget\" data-e-type=\"widget\" data-settings=\"{&quot;navigation&quot;:&quot;both&quot;,&quot;autoplay&quot;:&quot;yes&quot;,&quot;pause_on_hover&quot;:&quot;yes&quot;,&quot;pause_on_interaction&quot;:&quot;yes&quot;,&quot;autoplay_speed&quot;:5000,&quot;infinite&quot;:&quot;yes&quot;,&quot;transition&quot;:&quot;slide&quot;,&quot;transition_speed&quot;:500}\" data-widget_type=\"slides.default\">\n\t\t\t\t<div class=\"elementor-widget-container\">\n\t\t\t\t\t\t\t\t\t<div class=\"elementor-swiper\">\n\t\t\t\t\t<div class=\"elementor-slides-wrapper elementor-main-swiper swiper\" role=\"region\" aria-roledescription=\"carousel\" aria-label=\"Slides\" dir=\"ltr\" data-animation=\"fadeInUp\">\n\t\t\t\t<div class=\"swiper-wrapper elementor-slides\">\n\t\t\t\t\t\t\t\t\t\t<div class=\"elementor-repeater-item-b0ac5a9 swiper-slide\" role=\"group\" aria-roledescription=\"slide\"><div class=\"swiper-slide-bg elementor-ken-burns elementor-ken-burns--in\" role=\"img\" aria-label=\"Apresentando o oriduto\"><\/div><div class=\"elementor-background-overlay\"><\/div><a class=\"swiper-slide-inner\" href=\"https:\/\/wa.me\/\/5561992783023?text=Gostaria%20de%20fazer%20um%20or\u00e7amento.\" target=\"_blank\"><div class=\"swiper-slide-contents\"><div class=\"elementor-slide-heading\">Tijolos de An\u00e1polis<\/div><div class=\"elementor-slide-description\">Loja da f\u00e1brica em Bras\u00edlia<\/div><div  class=\"elementor-button elementor-slide-button elementor-size-lg\">Or\u00e7ar pelo ZAP<\/div><\/div><\/a><\/div><div class=\"elementor-repeater-item-4879a3d swiper-slide\" role=\"group\" aria-roledescription=\"slide\"><div class=\"swiper-slide-bg elementor-ken-burns elementor-ken-burns--in\" role=\"img\" aria-label=\"Banner 1\"><\/div><div class=\"elementor-background-overlay\"><\/div><a class=\"swiper-slide-inner\" href=\"https:\/\/wa.me\/\/5561992783023?text=Gostaria%20de%20fazer%20um%20or\u00e7amento.\" target=\"_blank\"><div class=\"swiper-slide-contents\"><div class=\"elementor-slide-heading\">Construa com confian\u00e7a <\/div><div class=\"elementor-slide-description\">Construa com a Bras\u00edlia Tijolos<br>\n<\/div><div  class=\"elementor-button elementor-slide-button elementor-size-lg\">Or\u00e7ar pelo ZAP<\/div><\/div><\/a><\/div><div class=\"elementor-repeater-item-246589b swiper-slide\" role=\"group\" aria-roledescription=\"slide\"><div class=\"swiper-slide-bg elementor-ken-burns elementor-ken-burns--in\" role=\"img\" aria-label=\"asdfas\"><\/div><div class=\"elementor-background-overlay\"><\/div><a class=\"swiper-slide-inner\" href=\"https:\/\/wa.me\/\/5561992783023?text=Gostaria%20de%20fazer%20um%20or\u00e7amento.\" target=\"_blank\"><div class=\"swiper-slide-contents\"><div class=\"elementor-slide-heading\">Atendimento especializado<\/div><div class=\"elementor-slide-description\">Oferecemos o melhor atendimento<\/div><div  class=\"elementor-button elementor-slide-button elementor-size-lg\">Or\u00e7ar pelo ZAP<\/div><\/div><\/a><\/div><div class=\"elementor-repeater-item-c9f741b swiper-slide\" role=\"group\" aria-roledescription=\"slide\"><div class=\"swiper-slide-bg elementor-ken-burns elementor-ken-burns--in\" role=\"img\" aria-label=\"Banner 4\"><\/div><div class=\"elementor-background-overlay\"><\/div><a class=\"swiper-slide-inner\" href=\"https:\/\/wa.me\/\/5561992783023?text=Gostaria%20de%20fazer%20um%20or\u00e7amento.\" target=\"_blank\"><div class=\"swiper-slide-contents\"><div class=\"elementor-slide-heading\">Entrega eficiente<\/div><div class=\"elementor-slide-description\">Conte conosco para uma entrega confi\u00e1vel\n<\/div><div  class=\"elementor-button elementor-slide-button elementor-size-lg\">Or\u00e7ar pelo ZAP<\/div><\/div><\/a><\/div>\t\t\t\t<\/div>\n\t\t\t\t\t\t\t\t\t\t\t\t\t\t\t<div class=\"elementor-swiper-button elementor-swiper-button-prev\" role=\"button\" tabindex=\"0\" aria-label=\"Previous slide\">\n\t\t\t\t\t\t\t<svg aria-hidden=\"true\" class=\"e-font-icon-svg e-eicon-chevron-left\" viewBox=\"0 0 1000 1000\" xmlns=\"http:\/\/www.w3.org\/2000\/svg\"><path d=\"M646 125C629 125 613 133 604 142L308 442C296 454 292 471 292 487 292 504 296 521 308 533L604 854C617 867 629 875 646 875 663 875 679 871 692 858 704 846 713 829 713 812 713 796 708 779 692 767L438 487 692 225C700 217 708 204 708 187 708 171 704 154 692 142 675 129 663 125 646 125Z\"><\/path><\/svg>\t\t\t\t\t\t<\/div>\n\t\t\t\t\t\t<div class=\"elementor-swiper-button elementor-swiper-button-next\" role=\"button\" tabindex=\"0\" aria-label=\"Next slide\">\n\t\t\t\t\t\t\t<svg aria-hidden=\"true\" class=\"e-font-icon-svg e-eicon-chevron-right\" viewBox=\"0 0 1000 1000\" xmlns=\"http:\/\/www.w3.org\/2000\/svg\"><path d=\"M696 533C708 521 713 504 713 487 713 471 708 454 696 446L400 146C388 133 375 125 354 125 338 125 325 129 313 142 300 154 292 171 292 187 292 204 296 221 308 233L563 492 304 771C292 783 288 800 288 817 288 833 296 850 308 863 321 871 338 875 354 875 371 875 388 867 400 854L696 533Z\"><\/path><\/svg>\t\t\t\t\t\t<\/div>\n\t\t\t\t\t\t\t\t\t\t\t\t\t\t\t\t<div class=\"swiper-pagination\"><\/div>\n\t\t\t\t\t\t\t\t\t\t\t\t<\/div>\n\t\t\t\t<\/div>\n\t\t\t\t\t\t\t\t<\/div>\n\t\t\t\t<\/div>\n\t\t\t\t<\/div>\n\t\t<div class=\"elementor-element elementor-element-bff48f3 e-flex e-con-boxed e-con e-parent\" data-id=\"bff48f3\" data-element_type=\"container\" data-e-type=\"container\" id=\"produto\">\n\t\t\t\t\t<div class=\"e-con-inner\">\n\t\t\t\t<div class=\"elementor-element elementor-element-9023af7 elementor-widget elementor-widget-heading\" data-id=\"9023af7\" data-element_type=\"widget\" data-e-type=\"widget\" data-widget_type=\"heading.default\">\n\t\t\t\t<div class=\"elementor-widget-container\">\n\t\t\t\t\t<h2 class=\"elementor-heading-title elementor-size-default\">Produtos<\/h2>\t\t\t\t<\/div>\n\t\t\t\t<\/div>\n\t\t\t\t<div class=\"elementor-element elementor-element-25ad430 elementor-widget elementor-widget-tfwooproductgrid\" data-id=\"25ad430\" data-element_type=\"widget\" data-e-type=\"widget\" data-widget_type=\"tfwooproductgrid.default\">\n\t\t\t\t<div class=\"elementor-widget-container\">\n\t\t\t\t\t\t\t\n\t\t\t<div id=\"tf-woo-product-25ad430\" class=\"tf-woo-product layout-3 price-default tf-product-center button-full-width-no carousel-    \" data-tabid=\"25ad430\"  data-prev_icon=\"\" data-next_icon=\"\">\n\n\t\t\t\t<!-- Filter Bar -->\n\t\t\t\t\t\t\t\t<!-- End Filter Bar -->\n\n\t\t\t\t<!-- Layout Bar -->\n\t\t\t\t\t\t\t\t<!-- End Layout Bar -->\t\t\t\t\n\n\t\t\t\t\t\t\t\t\t<div class=\"products columns-6  \">\t\t\t\t\t\n\t\t\t\t\t\t\t\t\t\t\t\t    <div class=\"product-item\">\n\t\t\t\t\t\t    \t<div class=\"product-inner\">\n\t\t\t\t\t\t    \t\t\t\t\t\t\t\t\t\t    \t<div class=\"product-thumb\">\n\t\t\t\t\t\t\t\t    \t\t<a href=\"https:\/\/brasiliatijolos.com\/index.php\/produto\/tijolo-9x19x19\/\" class=\"image\">\n\t\t\t\t                                <span class=\"wrap-badge\"><\/span>\t\t\t                                \n\t\t\t\t\t                                <img decoding=\"async\" src=\"https:\/\/brasiliatijolos.com\/wp-content\/uploads\/2023\/12\/9x19x19_Padrao.jpg\" alt=\"image\" class=\"elementor-animation-\">\t\n\t\t\t\t                                \t\t\t\t                            <\/a>\n\n\t\t\t\t                            \n\t\t\t\t\t                        \t\t\t\t\t                            <div class=\"product-actions\">\n\t\t\t\t\t\t                        \t\t\t\t\t\t\t                        <\/div>  \n\t\t\t\t\t                        \n\t\t\t\t\t\t\t\t    \t<\/div>\n\t\t\t\t\t\t\t    \t\t\t\t\t\t\t\t    \t<div class=\"product-content\">\n\t\t\t\t\t\t\t    \t\t<h4 class=\"title\"><a href=\"https:\/\/brasiliatijolos.com\/index.php\/produto\/tijolo-9x19x19\/\">Tijolo Padr\u00e3o &#8211; 9x19x19<\/a><\/h4>\n\t\t\t                            \n\t\n\n\t\t\t                            \n\t\t\t\t                                                    \n\t\t\t\t                            <div class=\"product-actions\">\n\t\t\t\t\t                        \t\t<span id=\"woocommerce_loop_add_to_cart_link_describedby_3080\" class=\"screen-reader-text\">\n\t\t\t<\/span>\n\t\t\t\t\t                        <\/div>  \n\t\t\t\t                          \n\n\t\t\t\t\t\t\t    \t<\/div>\n\t\t\t\t\t\t\t    <\/div>\n\t\t\t\t\t\t    <\/div>\n\t\t\t\t\t    \t\t\t\t\t\t    <div class=\"product-item\">\n\t\t\t\t\t\t    \t<div class=\"product-inner\">\n\t\t\t\t\t\t    \t\t\t\t\t\t\t\t\t\t    \t<div class=\"product-thumb\">\n\t\t\t\t\t\t\t\t    \t\t<a href=\"https:\/\/brasiliatijolos.com\/index.php\/produto\/tijolo-9x19x29\/\" class=\"image\">\n\t\t\t\t                                <span class=\"wrap-badge\"><\/span>\t\t\t                                \n\t\t\t\t\t                                <img decoding=\"async\" src=\"https:\/\/brasiliatijolos.com\/wp-content\/uploads\/2023\/12\/9x19x29_Dimensionado-300x300.jpg\" alt=\"image\" class=\"elementor-animation-\">\t\n\t\t\t\t                                \t\t\t\t                            <\/a>\n\n\t\t\t\t                            \n\t\t\t\t\t                        \t\t\t\t\t                            <div class=\"product-actions\">\n\t\t\t\t\t\t                        \t\t\t\t\t\t\t                        <\/div>  \n\t\t\t\t\t                        \n\t\t\t\t\t\t\t\t    \t<\/div>\n\t\t\t\t\t\t\t    \t\t\t\t\t\t\t\t    \t<div class=\"product-content\">\n\t\t\t\t\t\t\t    \t\t<h4 class=\"title\"><a href=\"https:\/\/brasiliatijolos.com\/index.php\/produto\/tijolo-9x19x29\/\">Tijolo 9x19x29<\/a><\/h4>\n\t\t\t                            \n\t\n\n\t\t\t                            \n\t\t\t\t                                                    \n\t\t\t\t                            <div class=\"product-actions\">\n\t\t\t\t\t                        \t\t<span id=\"woocommerce_loop_add_to_cart_link_describedby_3082\" class=\"screen-reader-text\">\n\t\t\t<\/span>\n\t\t\t\t\t                        <\/div>  \n\t\t\t\t                          \n\n\t\t\t\t\t\t\t    \t<\/div>\n\t\t\t\t\t\t\t    <\/div>\n\t\t\t\t\t\t    <\/div>\n\t\t\t\t\t    \t\t\t\t\t\t    <div class=\"product-item\">\n\t\t\t\t\t\t    \t<div class=\"product-inner\">\n\t\t\t\t\t\t    \t\t\t\t\t\t\t\t\t\t    \t<div class=\"product-thumb\">\n\t\t\t\t\t\t\t\t    \t\t<a href=\"https:\/\/brasiliatijolos.com\/index.php\/produto\/tijolo-115x14x24\/\" class=\"image\">\n\t\t\t\t                                <span class=\"wrap-badge\"><\/span>\t\t\t                                \n\t\t\t\t\t                                <img decoding=\"async\" src=\"https:\/\/brasiliatijolos.com\/wp-content\/uploads\/2023\/12\/11x14x24_Dimensionado-300x300.jpg\" alt=\"image\" class=\"elementor-animation-\">\t\n\t\t\t\t                                \t\t\t\t                            <\/a>\n\n\t\t\t\t                            \n\t\t\t\t\t                        \t\t\t\t\t                            <div class=\"product-actions\">\n\t\t\t\t\t\t                        \t\t\t\t\t\t\t                        <\/div>  \n\t\t\t\t\t                        \n\t\t\t\t\t\t\t\t    \t<\/div>\n\t\t\t\t\t\t\t    \t\t\t\t\t\t\t\t    \t<div class=\"product-content\">\n\t\t\t\t\t\t\t    \t\t<h4 class=\"title\"><a href=\"https:\/\/brasiliatijolos.com\/index.php\/produto\/tijolo-115x14x24\/\">Tijolo 11,5x14x24<\/a><\/h4>\n\t\t\t                            \n\t\n\n\t\t\t                            \n\t\t\t\t                                                    \n\t\t\t\t                            <div class=\"product-actions\">\n\t\t\t\t\t                        \t\t<span id=\"woocommerce_loop_add_to_cart_link_describedby_3084\" class=\"screen-reader-text\">\n\t\t\t<\/span>\n\t\t\t\t\t                        <\/div>  \n\t\t\t\t                          \n\n\t\t\t\t\t\t\t    \t<\/div>\n\t\t\t\t\t\t\t    <\/div>\n\t\t\t\t\t\t    <\/div>\n\t\t\t\t\t    \t\t\t\t\t\t    <div class=\"product-item\">\n\t\t\t\t\t\t    \t<div class=\"product-inner\">\n\t\t\t\t\t\t    \t\t\t\t\t\t\t\t\t\t    \t<div class=\"product-thumb\">\n\t\t\t\t\t\t\t\t    \t\t<a href=\"https:\/\/brasiliatijolos.com\/index.php\/produto\/tijolo-115x19x29\/\" class=\"image\">\n\t\t\t\t                                <span class=\"wrap-badge\"><\/span>\t\t\t                                \n\t\t\t\t\t                                <img decoding=\"async\" src=\"https:\/\/brasiliatijolos.com\/wp-content\/uploads\/2023\/12\/11x19x29_Dimencionado-300x300.jpg\" alt=\"image\" class=\"elementor-animation-\">\t\n\t\t\t\t                                \t\t\t\t                            <\/a>\n\n\t\t\t\t                            \n\t\t\t\t\t                        \t\t\t\t\t                            <div class=\"product-actions\">\n\t\t\t\t\t\t                        \t\t\t\t\t\t\t                        <\/div>  \n\t\t\t\t\t                        \n\t\t\t\t\t\t\t\t    \t<\/div>\n\t\t\t\t\t\t\t    \t\t\t\t\t\t\t\t    \t<div class=\"product-content\">\n\t\t\t\t\t\t\t    \t\t<h4 class=\"title\"><a href=\"https:\/\/brasiliatijolos.com\/index.php\/produto\/tijolo-115x19x29\/\">Tijolo 11,5x19x29<\/a><\/h4>\n\t\t\t                            \n\t\n\n\t\t\t                            \n\t\t\t\t                                                    \n\t\t\t\t                            <div class=\"product-actions\">\n\t\t\t\t\t                        \t\t<span id=\"woocommerce_loop_add_to_cart_link_describedby_3086\" class=\"screen-reader-text\">\n\t\t\t<\/span>\n\t\t\t\t\t                        <\/div>  \n\t\t\t\t                          \n\n\t\t\t\t\t\t\t    \t<\/div>\n\t\t\t\t\t\t\t    <\/div>\n\t\t\t\t\t\t    <\/div>\n\t\t\t\t\t    \t\t\t\t\t\t    <div class=\"product-item\">\n\t\t\t\t\t\t    \t<div class=\"product-inner\">\n\t\t\t\t\t\t    \t\t\t\t\t\t\t\t\t\t    \t<div class=\"product-thumb\">\n\t\t\t\t\t\t\t\t    \t\t<a href=\"https:\/\/brasiliatijolos.com\/index.php\/produto\/tijolo-14x19x29\/\" class=\"image\">\n\t\t\t\t                                <span class=\"wrap-badge\"><\/span>\t\t\t                                \n\t\t\t\t\t                                <img decoding=\"async\" src=\"https:\/\/brasiliatijolos.com\/wp-content\/uploads\/2023\/12\/14x19x29_Dimencionado-300x300.jpg\" alt=\"image\" class=\"elementor-animation-\">\t\n\t\t\t\t                                \t\t\t\t                            <\/a>\n\n\t\t\t\t                            \n\t\t\t\t\t                        \t\t\t\t\t                            <div class=\"product-actions\">\n\t\t\t\t\t\t                        \t\t\t\t\t\t\t                        <\/div>  \n\t\t\t\t\t                        \n\t\t\t\t\t\t\t\t    \t<\/div>\n\t\t\t\t\t\t\t    \t\t\t\t\t\t\t\t    \t<div class=\"product-content\">\n\t\t\t\t\t\t\t    \t\t<h4 class=\"title\"><a href=\"https:\/\/brasiliatijolos.com\/index.php\/produto\/tijolo-14x19x29\/\">Tijolo 14x19x29<\/a><\/h4>\n\t\t\t                            \n\t\n\n\t\t\t                            \n\t\t\t\t                                                    \n\t\t\t\t                            <div class=\"product-actions\">\n\t\t\t\t\t                        \t\t<span id=\"woocommerce_loop_add_to_cart_link_describedby_3088\" class=\"screen-reader-text\">\n\t\t\t<\/span>\n\t\t\t\t\t                        <\/div>  \n\t\t\t\t                          \n\n\t\t\t\t\t\t\t    \t<\/div>\n\t\t\t\t\t\t\t    <\/div>\n\t\t\t\t\t\t    <\/div>\n\t\t\t\t\t    \t\t\t\t\t\t    <div class=\"product-item\">\n\t\t\t\t\t\t    \t<div class=\"product-inner\">\n\t\t\t\t\t\t    \t\t\t\t\t\t\t\t\t\t    \t<div class=\"product-thumb\">\n\t\t\t\t\t\t\t\t    \t\t<a href=\"https:\/\/brasiliatijolos.com\/index.php\/produto\/tijolo-macico\/\" class=\"image\">\n\t\t\t\t                                <span class=\"wrap-badge\"><\/span>\t\t\t                                \n\t\t\t\t\t                                <img decoding=\"async\" src=\"https:\/\/brasiliatijolos.com\/wp-content\/uploads\/2023\/12\/Tijolo-macico.jpg\" alt=\"image\" class=\"elementor-animation-\">\t\n\t\t\t\t                                \t\t\t\t                            <\/a>\n\n\t\t\t\t                            \n\t\t\t\t\t                        \t\t\t\t\t                            <div class=\"product-actions\">\n\t\t\t\t\t\t                        \t\t\t\t\t\t\t                        <\/div>  \n\t\t\t\t\t                        \n\t\t\t\t\t\t\t\t    \t<\/div>\n\t\t\t\t\t\t\t    \t\t\t\t\t\t\t\t    \t<div class=\"product-content\">\n\t\t\t\t\t\t\t    \t\t<h4 class=\"title\"><a href=\"https:\/\/brasiliatijolos.com\/index.php\/produto\/tijolo-macico\/\">Tijolo maci\u00e7o<\/a><\/h4>\n\t\t\t                            \n\t\n\n\t\t\t                            \n\t\t\t\t                                                    \n\t\t\t\t                            <div class=\"product-actions\">\n\t\t\t\t\t                        \t\t<span id=\"woocommerce_loop_add_to_cart_link_describedby_3535\" class=\"screen-reader-text\">\n\t\t\t<\/span>\n\t\t\t\t\t                        <\/div>  \n\t\t\t\t                          \n\n\t\t\t\t\t\t\t    \t<\/div>\n\t\t\t\t\t\t\t    <\/div>\n\t\t\t\t\t\t    <\/div>\n\t\t\t\t\t    \t\t\t    \n\t\t\t\t\t<\/div>\n\t\t\t\t\n\t\t\t\t\t\t\t<\/div>\t\t\t\n\t\t\t\t\t\t\t<\/div>\n\t\t\t\t<\/div>\n\t\t\t\t\t<\/div>\n\t\t\t\t<\/div>\n\t\t\t\t<section class=\"elementor-section elementor-top-section elementor-element elementor-element-d245681 elementor-section-full_width elementor-section-height-default elementor-section-height-default\" data-id=\"d245681\" data-element_type=\"section\" data-e-type=\"section\" id=\"qualidade\">\n\t\t\t\t\t\t<div class=\"elementor-container elementor-column-gap-no\">\n\t\t\t\t\t<div class=\"elementor-column elementor-col-100 elementor-top-column elementor-element elementor-element-a83614f\" data-id=\"a83614f\" data-element_type=\"column\" data-e-type=\"column\">\n\t\t\t<div class=\"elementor-widget-wrap elementor-element-populated\">\n\t\t\t\t\t\t<div class=\"elementor-element elementor-element-7c814a8 elementor-widget elementor-widget-Elementor-About-widget\" data-id=\"7c814a8\" data-element_type=\"widget\" data-e-type=\"widget\" data-widget_type=\"Elementor-About-widget.default\">\n\t\t\t\t<div class=\"elementor-widget-container\">\n\t\t\t\t\t<!-- about-area -->\n    <section id=\"aboutone\" class=\"about-area about-p pt-120 pb-120 p-relative\" style=\"background: url(http:\/\/wordpress.zcube.in\/konstro\/wp-content\/uploads\/2021\/05\/about-bg.png) no-repeat; background-position: right bottom;\">\n        <div class=\"container\">\n            <div class=\"row align-items-center\">\n                 <div class=\"col-lg-6 col-md-12 col-sm-12 pr-30\">\n                        <div class=\"s-about-img p-relative\">\n                             <img decoding=\"async\" src=\"https:\/\/brasiliatijolos.com\/wp-content\/uploads\/2021\/05\/protfolio-img05-1.png\" alt=\"https:\/\/brasiliatijolos.com\/wp-content\/uploads\/2021\/05\/protfolio-img05-1.png\">   \n                        <\/div>\n                  <\/div>\n                  <div class=\"col-lg-6 col-md-12 col-sm-12\">\n                    <div class=\"about-content s-about-content\">\n                        <div class=\"about-title second-title pb-25\">  \n                            <h2>Qualidade <br> <span>Garantida<\/span><\/h2>   \n                        <\/div>\n                           <p>Na Bras\u00edlia Tijolos, \"Qualidade\" \u00e9 mais do que uma promessa, \u00e9 um compromisso..<\/p>\n                                <p>Oferecemos uma combina\u00e7\u00e3o imbat\u00edvel: qualidade premium com pre\u00e7os competitivos. Al\u00e9m disso, garantimos prazos pontuais para atender \u00e0s suas necessidades de constru\u00e7\u00e3o. Facilitamos o pagamento para proporcionar uma experi\u00eancia conveniente e acess\u00edvel. Sua constru\u00e7\u00e3o, nossos compromissos.<\/p> \n                        <a href=\"#\" class=\"btn ss-btn mt-15\">Or\u00e7amento pelo Zap<\/a>\n                    <\/div>\n                <\/div>\n            <\/div>\n        <\/div>\n    <\/section>\n<!-- about-area-end -->\t\t\t\t<\/div>\n\t\t\t\t<\/div>\n\t\t\t\t\t<\/div>\n\t\t<\/div>\n\t\t\t\t\t<\/div>\n\t\t<\/section>\n\t\t\t\t<section class=\"elementor-section elementor-top-section elementor-element elementor-element-0afc5d6 elementor-section-full_width elementor-section-height-default elementor-section-height-default\" data-id=\"0afc5d6\" data-element_type=\"section\" data-e-type=\"section\" data-settings=\"{&quot;background_background&quot;:&quot;classic&quot;}\">\n\t\t\t\t\t\t<div class=\"elementor-container elementor-column-gap-no\">\n\t\t\t\t\t<div class=\"elementor-column elementor-col-100 elementor-top-column elementor-element elementor-element-07297e1\" data-id=\"07297e1\" data-element_type=\"column\" data-e-type=\"column\">\n\t\t\t<div class=\"elementor-widget-wrap elementor-element-populated\">\n\t\t\t\t\t\t<div class=\"elementor-element elementor-element-2be396e elementor-widget elementor-widget-Elementor-support-widget\" data-id=\"2be396e\" data-element_type=\"widget\" data-e-type=\"widget\" data-widget_type=\"Elementor-support-widget.default\">\n\t\t\t\t<div class=\"elementor-widget-container\">\n\t\t\t\t\t\n<!-- support-area -->\n<section id=\"graph\" class=\"features-area pt-70 pb-50\"  style=\"background:url('https:\/\/brasiliatijolos.com\/wp-content\/uploads\/2021\/05\/shop-bg-1.png');\">\n    <div class=\"container\">\n        <div class=\"row align-items-center\">\n            <div class=\"col-lg-7 col-md-12\">\n                <div class=\"section-title cta-title  mb-20\"> \n                    <h5>Atendimento imediato<\/h5>     \n                    <h2>Pe\u00e7a seu or\u00e7amento<\/h2>\n                <\/div>\n            <\/div>\n            <div class=\"col-lg-5 col-md-12 text-right\">\n                 <a href=\"#\" class=\"btn ss-btn active mr-15\">Or\u00e7amento pelo ZAP<\/a>\n            <\/div>\n        <\/div>\n    <\/div>\n<\/section>\n<!-- support-area-end -->\t\t\t\t<\/div>\n\t\t\t\t<\/div>\n\t\t\t\t\t<\/div>\n\t\t<\/div>\n\t\t\t\t\t<\/div>\n\t\t<\/section>\n\t\t\t\t<\/div>\n\t\t","protected":false},"excerpt":{"rendered":"<p>Tijolos de An\u00e1polisLoja da f\u00e1brica em Bras\u00edliaOr\u00e7ar pelo ZAPConstrua com confian\u00e7a Construa com a Bras\u00edlia Tijolos Or\u00e7ar pelo ZAPAtendimento especializadoOferecemos o melhor atendimentoOr\u00e7ar pelo ZAPEntrega eficienteConte conosco para uma entrega confi\u00e1vel Or\u00e7ar pelo ZAP Produtos Tijolo Padr\u00e3o &#8211; 9x19x19 Tijolo 9x19x29 Tijolo 11,5x14x24 Tijolo 11,5x19x29 Tijolo 14x19x29 Tijolo maci\u00e7o<\/p>\n","protected":false},"author":1,"featured_media":0,"parent":0,"menu_order":0,"comment_status":"closed","ping_status":"closed","template":"home-page.php","meta":{"footnotes":""},"class_list":["post-3735","page","type-page","status-publish","hentry"],"_links":{"self":[{"href":"https:\/\/brasiliatijolos.com\/index.php\/wp-json\/wp\/v2\/pages\/3735","targetHints":{"allow":["GET"]}}],"collection":[{"href":"https:\/\/brasiliatijolos.com\/index.php\/wp-json\/wp\/v2\/pages"}],"about":[{"href":"https:\/\/brasiliatijolos.com\/index.php\/wp-json\/wp\/v2\/types\/page"}],"author":[{"embeddable":true,"href":"https:\/\/brasiliatijolos.com\/index.php\/wp-json\/wp\/v2\/users\/1"}],"replies":[{"embeddable":true,"href":"https:\/\/brasiliatijolos.com\/index.php\/wp-json\/wp\/v2\/comments?post=3735"}],"version-history":[{"count":99,"href":"https:\/\/brasiliatijolos.com\/index.php\/wp-json\/wp\/v2\/pages\/3735\/revisions"}],"predecessor-version":[{"id":3840,"href":"https:\/\/brasiliatijolos.com\/index.php\/wp-json\/wp\/v2\/pages\/3735\/revisions\/3840"}],"wp:attachment":[{"href":"https:\/\/brasiliatijolos.com\/index.php\/wp-json\/wp\/v2\/media?parent=3735"}],"curies":[{"name":"wp","href":"https:\/\/api.w.org\/{rel}","templated":true}]}}